{"id":5568,"date":"2026-01-11T14:47:09","date_gmt":"2026-01-11T14:47:09","guid":{"rendered":"https:\/\/espacioescolar.cl\/?post_type=product&#038;p=5568"},"modified":"2026-01-11T22:21:03","modified_gmt":"2026-01-11T22:21:03","slug":"lista-de-utiles-pre-kinder-colegio-mayor-penalolen-2026","status":"publish","type":"product","link":"https:\/\/espacioescolar.cl\/es\/producto\/lista-de-utiles-pre-kinder-colegio-mayor-penalolen-2026\/","title":{"rendered":"Lista de \u00datiles Pre Kinder Colegio Mayor Pe\u00f1alol\u00e9n 2026"},"content":{"rendered":"<ul>\n<li>1 Carpeta verde con acoclip<\/li>\n<\/ul>\n<p><strong>PAPELES<\/strong><\/p>\n<ul>\n<li>1 Resma de 500 hojas tama\u00f1o oficio.<\/li>\n<li>1 Block liceo 60.<\/li>\n<li>2 Block m\u00e9dium 99 \u215b.<\/li>\n<li>1 Block Grande N\u00b0 99 \u00bc.<\/li>\n<li>3 Block cartulina espa\u00f1ola gruesa<\/li>\n<li>1 Block de papel crep\u00e9 de colores.<\/li>\n<li>1 Block de papel entretenido 16 X 16.<\/li>\n<li>1 Block de papel de cartulina fluorescente.<\/li>\n<li>2 Paquetes de papel lustre 16 x16 cm.<\/li>\n<li>1 Paquete goma eva 10 colores.<\/li>\n<li>1 Paquete de goma eva con glitter autoadhesiva.<\/li>\n<li>30 L\u00e1minas para termolaminar (oficio).<\/li>\n<li>3 Pliegos de papel kraft doblado en cuatro.<\/li>\n<li>L\u00e1pices<\/li>\n<li>2 Cajas l\u00e1pices de colores de madera triangulares tama\u00f1o Jumbo (12 colores).<\/li>\n<li>1 Caja l\u00e1pices de cera gruesos (12 colores).<\/li>\n<li>2 L\u00e1pices mina jumbo con goma.<\/li>\n<li>1 Caja de l\u00e1pices pasteles\/ oil pastels (12 colores).<\/li>\n<li>3 Cajas l\u00e1pices scripto Jumbo (12 colores).<\/li>\n<li>1 Plum\u00f3n permanente (punta fina).<\/li>\n<li>6 Plumones para pizarra (1 rojo,2 azul, 1 verde, 2 negro).<\/li>\n<li>1 Set de tiza jumbo de 6 colores.<\/li>\n<li>1 Goma grande.<\/li>\n<li>1 Sacapunta con contenedor.<\/li>\n<\/ul>\n<p><strong>PEGAMENTOS<\/strong><\/p>\n<ul>\n<li>2 Pegamentos en barra grandes (40 grs).<\/li>\n<li>1 Rollo de masking de color<\/li>\n<li>1 Rollo de masking ancho blanco.<\/li>\n<li>1 Rollo de cinta de embalaje transparente.<\/li>\n<li>1 Cola fr\u00eda tapa azul (escolar 225grs).<\/li>\n<li>1 Cinta doble contacto.<\/li>\n<\/ul>\n<p><strong>OTROS<\/strong><\/p>\n<ul>\n<li>1 Bolsa de plumas de colores variados.<\/li>\n<li>1 Madeja de lana o set escolar de lanas.<\/li>\n<li>1 Pizarra blanca magn\u00e9tica escolar 28&#215;21 cm.<\/li>\n<li>1 Libro para biblioteca de aula (colecciones editoriales en la que no incluya<\/li>\n<li>cuentos cl\u00e1sicos, superh\u00e9roes, princesas y dibujos animados).<\/li>\n<li>1 Bolsa de globos (10 unidades).<\/li>\n<li>3 Cajas plasticinas 12 colores.<\/li>\n<li>1 Set de acuarela, 12 colores.<\/li>\n<li>1 Sobre de lentejuelas tama\u00f1o grande (colores variados).<\/li>\n<li>1 Paquete de ojos locos grandes.<\/li>\n<li>3 Paquetes de Bolsas tipo Ziploc (1 grande, 1 mediana, 1 peque\u00f1a).<\/li>\n<li>2 Bolsa de figuritas de goma eva de diferentes dise\u00f1os (stickers).<\/li>\n<li>1 Block de Stickers.<\/li>\n<li>1 Frasco de t\u00e9mpera grande 500 cc (se pedir\u00e1n los colores en la primera<\/li>\n<li>semana de clases).<\/li>\n<li>1 Mezclador.<\/li>\n<li>1 Pincel redondo n\u00b012.<\/li>\n<li>1 Pincel redondo n\u00b0 4.<\/li>\n<li>1 Brocha mediana de una pulgada.<\/li>\n<li>1 Paquete de limpia pipas.<\/li>\n<li>1 Paquete de pompones de colores.<\/li>\n<li>1 Paquetes de palos de helado de colores (ancho).<\/li>\n<li>1 Tijera escolar met\u00e1lica punta roma (marcada). Se recomienda ambidiestra.<\/li>\n<li>1 Patafix<\/li>\n<li>2 Caja de T\u00e9mpera s\u00f3lida de 12 colores.<\/li>\n<li>3 Carpetas plastificadas con archivador (acco clip) azul, roja y naranja.<\/li>\n<li>2 Set de masa tipo Play Doh con moldes.<\/li>\n<li>10 Fundas tama\u00f1o oficio.<\/li>\n<li>1 Set glitter glue con escarcha de 10 colores<\/li>\n<\/ul>\n<p><strong>M\u00daSICA<\/strong><br \/>\n1 Carpeta tama\u00f1o oficio color amarilla para partituras.<\/p>\n<p><em>Solo se incluye lo que aparece en el listado. No se incluyen libros de lectura, uniforme y otros materiales.<\/em><\/p>\n","protected":false},"excerpt":{"rendered":"<ul>\n<li><strong>Indicar Inicial de Apellido de su Hijo (a) en Comentarios\u00a0<\/strong><\/li>\n<li>Lista de \u00datiles 2026<\/li>\n<li>Curso Pre Kinder<\/li>\n<li>Colegio Mayor Pe\u00f1alol\u00e9n<\/li>\n<\/ul>\n","protected":false},"featured_media":5569,"comment_status":"open","ping_status":"closed","template":"","meta":[],"product_brand":[],"product_cat":[425,323],"product_tag":[426,320,353],"class_list":{"0":"post-5568","1":"product","2":"type-product","3":"status-publish","4":"has-post-thumbnail","6":"product_cat-colegio-mayor-penalolen","7":"product_cat-listas-de-utiles-2026","8":"product_tag-colegio-mayor-penalolen","9":"product_tag-lista-de-utiles","10":"product_tag-pre-kinder","12":"first","13":"instock","14":"featured","15":"taxable","16":"shipping-taxable","17":"product-type-simple"},"_links":{"self":[{"href":"https:\/\/espacioescolar.cl\/es\/wp-json\/wp\/v2\/product\/5568","targetHints":{"allow":["GET"]}}],"collection":[{"href":"https:\/\/espacioescolar.cl\/es\/wp-json\/wp\/v2\/product"}],"about":[{"href":"https:\/\/espacioescolar.cl\/es\/wp-json\/wp\/v2\/types\/product"}],"replies":[{"embeddable":true,"href":"https:\/\/espacioescolar.cl\/es\/wp-json\/wp\/v2\/comments?post=5568"}],"wp:featuredmedia":[{"embeddable":true,"href":"https:\/\/espacioescolar.cl\/es\/wp-json\/wp\/v2\/media\/5569"}],"wp:attachment":[{"href":"https:\/\/espacioescolar.cl\/es\/wp-json\/wp\/v2\/media?parent=5568"}],"wp:term":[{"taxonomy":"product_brand","embeddable":true,"href":"https:\/\/espacioescolar.cl\/es\/wp-json\/wp\/v2\/product_brand?post=5568"},{"taxonomy":"product_cat","embeddable":true,"href":"https:\/\/espacioescolar.cl\/es\/wp-json\/wp\/v2\/product_cat?post=5568"},{"taxonomy":"product_tag","embeddable":true,"href":"https:\/\/espacioescolar.cl\/es\/wp-json\/wp\/v2\/product_tag?post=5568"}],"curies":[{"name":"wp","href":"https:\/\/api.w.org\/{rel}","templated":true}]}}