{"id":5566,"date":"2026-01-11T14:41:34","date_gmt":"2026-01-11T14:41:34","guid":{"rendered":"https:\/\/espacioescolar.cl\/?post_type=product&#038;p=5566"},"modified":"2026-01-11T22:15:32","modified_gmt":"2026-01-11T22:15:32","slug":"lista-de-utiles-play-group-colegio-mayor-2026","status":"publish","type":"product","link":"https:\/\/espacioescolar.cl\/es\/producto\/lista-de-utiles-play-group-colegio-mayor-2026\/","title":{"rendered":"Lista de \u00datiles Play Group Colegio Mayor Pe\u00f1alol\u00e9n 2026"},"content":{"rendered":"<p><strong>PAPELES<\/strong><\/p>\n<ul>\n<li>1 Resma de 500 hojas tama\u00f1o carta.<\/li>\n<li>1 Block de cartulina met\u00e1lica.<\/li>\n<li>1 Block dibujo liceo 60.<\/li>\n<li>1 Block de 99 \u00bc.<\/li>\n<li>1 Block grande N\u00b0180 \u00bc .<\/li>\n<li>1 Block de cartulina color.<\/li>\n<li>1 Block de papel entretenido.<\/li>\n<li>2 Block de cartulina espa\u00f1ola.<\/li>\n<li>1 Paquete de pa\u00f1o lenci.<\/li>\n<li>2 Paquetes de papel lustre 16 x16 cms.<\/li>\n<li>1 Paquete goma eva 10 colores.<\/li>\n<li>1 Paquete de goma eva con glitter autoadhesivo.<\/li>\n<li>3 0 L\u00e1minas para termolaminar (oficio).<\/li>\n<li>6 Pliegos de papel kraft (sugerencia que venga doblado y no enrollado).<\/li>\n<li>1 Pliego de papel crep\u00e9.<\/li>\n<li>L\u00e1pices<\/li>\n<li>2 Cajas l\u00e1pices de colores de madera triangulares tama\u00f1o jumbo (12<\/li>\n<li>unidades).<\/li>\n<li>2 Cajas l\u00e1pices de cera gruesos (12 unidades).<\/li>\n<li>2 Cajas l\u00e1pices scripto tama\u00f1o Jumbo (12 unidades).<\/li>\n<li>2 Plumones permanentes (punta fina y punta gruesa).<\/li>\n<li>3 Plumones para pizarra (1 rojo, azul y 1 negro).<\/li>\n<li>1 L\u00e1piz grafito jumbo.<\/li>\n<li>1 Goma de borrar.<\/li>\n<\/ul>\n<p><strong>PEGAMENTOS<\/strong><\/p>\n<ul>\n<li>3 Pegamentos en barra grandes, 40 grs.<\/li>\n<li>1 Rollo de masking tape, gruesa.<\/li>\n<li>1 Rollo de masking tape, delgada de color a elecci\u00f3n.<\/li>\n<li>1 Rollo de cinta de embalaje transparente.<\/li>\n<li>1 Cola fr\u00eda tapa azul (escolar 225g).<\/li>\n<li>Cinta doble contacto.<\/li>\n<\/ul>\n<p><strong>OTROS<\/strong><\/p>\n<ul>\n<li>1 Pasta para modelar DAS blanca 500 grs.<\/li>\n<li>2 Cajas plasticinas 12 colores.<\/li>\n<li>1 Carpeta plastificada azul con acoclip.<\/li>\n<li>1 Carpeta plastificada verde con acoclip.<\/li>\n<li>1 Set de acuarela, 12 colores.<\/li>\n<li>1 Sobres de lentejuelas grandes (colores variados).<\/li>\n<li>1 Paquete de plumas.<\/li>\n<li>1 Bolsa de figuritas de goma eva (stickers).<\/li>\n<li>1 Block de stickers de papel.<\/li>\n<li>10 fundas transparentes para hojas.<\/li>\n<li>1 Frasco de t\u00e9mpera grande color a elecci\u00f3n.<\/li>\n<li>1 Pincel N\u00ba10 tipo brocha o paleta.<\/li>\n<li>1 Bolsa de ojos locos grandes.<\/li>\n<li>1 Bolsa de globos 20 o 25 unidades de colores variados.<\/li>\n<li>2 Paquetes de palos de helado de colores (1 ancho y 1 delgado).<\/li>\n<li>1 Mezclador.<\/li>\n<li>1 Vaso pl\u00e1stico.<\/li>\n<li>1 Brocha 1 pulgada.<\/li>\n<li>1 Rodillo de esponja manualidades 7 cms.<\/li>\n<li>1 Tijera escolar met\u00e1lica punta roma (marcada).<\/li>\n<li>2 Caja de t\u00e9mpera s\u00f3lida 12 colores.<\/li>\n<li>2 Paquetes de bolsas tipo herm\u00e9ticas (1 grande y 1 mediana).<\/li>\n<li>1 Paquete chico de lanas de colores.<\/li>\n<li>1 Aguja de lana.<\/li>\n<li>1 Paquete de limpia pipas.<\/li>\n<li>3 Masas tipo Play-Doh grandes.<\/li>\n<li>1 Caja de tizas grandes gruesas de colores.<\/li>\n<li>20 Platos de cart\u00f3n medianos blancos (sin dise\u00f1os).<\/li>\n<li>4 Cajas pa\u00f1uelos desechables (por semestre, 8 para el a\u00f1o)<\/li>\n<li>2 Set de pompones.<\/li>\n<li>1 Punz\u00f3n escolar punta met\u00e1lica con almohadilla.<\/li>\n<li>1 Set de escarchas.<\/li>\n<li>1 Esponja (tipo cocina).<\/li>\n<li>1 Set de pinzas de ropa de madera (24 unidades).<\/li>\n<li>4 Paquetes toallitas h\u00famedas (por semestre, 8 para el a\u00f1o).<\/li>\n<\/ul>\n<p><strong>M\u00daSICA<\/strong><\/p>\n<ul>\n<li>1 Carpeta color amarillo tama\u00f1o oficio para trabajo en clases.\n<p><em>Solo se incluye lo que aparece en el listado. No se incluyen libros de lectura, uniforme y otros materiales.<\/em><\/li>\n<\/ul>\n","protected":false},"excerpt":{"rendered":"<ul>\n<li><strong>Indicar Inicial de Apellido de su Hijo (a) en Comentarios\u00a0<\/strong><\/li>\n<li>Lista de \u00datiles 2026<\/li>\n<li>Curso Play Group<\/li>\n<li>Colegio Mayor Pe\u00f1alol\u00e9n<\/li>\n<\/ul>\n","protected":false},"featured_media":5567,"comment_status":"open","ping_status":"closed","template":"","meta":[],"product_brand":[],"product_cat":[425,323],"product_tag":[426,320,352],"class_list":{"0":"post-5566","1":"product","2":"type-product","3":"status-publish","4":"has-post-thumbnail","6":"product_cat-colegio-mayor-penalolen","7":"product_cat-listas-de-utiles-2026","8":"product_tag-colegio-mayor-penalolen","9":"product_tag-lista-de-utiles","10":"product_tag-playgroup","12":"first","13":"instock","14":"featured","15":"taxable","16":"shipping-taxable","17":"product-type-simple"},"_links":{"self":[{"href":"https:\/\/espacioescolar.cl\/es\/wp-json\/wp\/v2\/product\/5566","targetHints":{"allow":["GET"]}}],"collection":[{"href":"https:\/\/espacioescolar.cl\/es\/wp-json\/wp\/v2\/product"}],"about":[{"href":"https:\/\/espacioescolar.cl\/es\/wp-json\/wp\/v2\/types\/product"}],"replies":[{"embeddable":true,"href":"https:\/\/espacioescolar.cl\/es\/wp-json\/wp\/v2\/comments?post=5566"}],"wp:featuredmedia":[{"embeddable":true,"href":"https:\/\/espacioescolar.cl\/es\/wp-json\/wp\/v2\/media\/5567"}],"wp:attachment":[{"href":"https:\/\/espacioescolar.cl\/es\/wp-json\/wp\/v2\/media?parent=5566"}],"wp:term":[{"taxonomy":"product_brand","embeddable":true,"href":"https:\/\/espacioescolar.cl\/es\/wp-json\/wp\/v2\/product_brand?post=5566"},{"taxonomy":"product_cat","embeddable":true,"href":"https:\/\/espacioescolar.cl\/es\/wp-json\/wp\/v2\/product_cat?post=5566"},{"taxonomy":"product_tag","embeddable":true,"href":"https:\/\/espacioescolar.cl\/es\/wp-json\/wp\/v2\/product_tag?post=5566"}],"curies":[{"name":"wp","href":"https:\/\/api.w.org\/{rel}","templated":true}]}}