{"id":5265,"date":"2025-01-06T20:58:26","date_gmt":"2025-01-06T20:58:26","guid":{"rendered":"https:\/\/espacioescolar.cl\/?post_type=product&#038;p=5265"},"modified":"2025-01-06T21:00:23","modified_gmt":"2025-01-06T21:00:23","slug":"lapiz-pasta-cristal-punta-media-azul-10-mm-bic","status":"publish","type":"product","link":"https:\/\/espacioescolar.cl\/es\/producto\/lapiz-pasta-cristal-punta-media-azul-10-mm-bic\/","title":{"rendered":"Lapiz Pasta Cristal Punta Media Azul 1,0 Mm Bic"},"content":{"rendered":"<p>Bol\u00edgrafo Cristal azul codificado de la marca Bic. Escritura suave y precisa. Dise\u00f1o cl\u00e1sico y confiable con punta media. Tinta de larga duraci\u00f3n. Ideal para uso diario en la escuela, oficina o en casa. \u00a1Asegura una experiencia de escritura fluida con este bol\u00edgrafo Bic Cristal!<\/p>\n","protected":false},"excerpt":{"rendered":"<ul>\n<li>Bol\u00edgrafo<\/li>\n<li>Punta Media Azul<\/li>\n<li>Bic<\/li>\n<\/ul>\n","protected":false},"featured_media":5266,"comment_status":"open","ping_status":"closed","template":"","meta":[],"product_brand":[],"product_cat":[190,191],"product_tag":[391,397,395],"class_list":{"0":"post-5265","1":"product","2":"type-product","3":"status-publish","4":"has-post-thumbnail","6":"product_cat-escritura","7":"product_cat-lapices-pasta","8":"product_tag-lapices-pasta","9":"product_tag-punta-media","10":"product_tag-rojo","12":"first","13":"instock","14":"taxable","15":"shipping-taxable","16":"purchasable","17":"product-type-simple"},"_links":{"self":[{"href":"https:\/\/espacioescolar.cl\/es\/wp-json\/wp\/v2\/product\/5265","targetHints":{"allow":["GET"]}}],"collection":[{"href":"https:\/\/espacioescolar.cl\/es\/wp-json\/wp\/v2\/product"}],"about":[{"href":"https:\/\/espacioescolar.cl\/es\/wp-json\/wp\/v2\/types\/product"}],"replies":[{"embeddable":true,"href":"https:\/\/espacioescolar.cl\/es\/wp-json\/wp\/v2\/comments?post=5265"}],"wp:featuredmedia":[{"embeddable":true,"href":"https:\/\/espacioescolar.cl\/es\/wp-json\/wp\/v2\/media\/5266"}],"wp:attachment":[{"href":"https:\/\/espacioescolar.cl\/es\/wp-json\/wp\/v2\/media?parent=5265"}],"wp:term":[{"taxonomy":"product_brand","embeddable":true,"href":"https:\/\/espacioescolar.cl\/es\/wp-json\/wp\/v2\/product_brand?post=5265"},{"taxonomy":"product_cat","embeddable":true,"href":"https:\/\/espacioescolar.cl\/es\/wp-json\/wp\/v2\/product_cat?post=5265"},{"taxonomy":"product_tag","embeddable":true,"href":"https:\/\/espacioescolar.cl\/es\/wp-json\/wp\/v2\/product_tag?post=5265"}],"curies":[{"name":"wp","href":"https:\/\/api.w.org\/{rel}","templated":true}]}}