{"id":5261,"date":"2025-01-06T20:00:37","date_gmt":"2025-01-06T20:00:37","guid":{"rendered":"https:\/\/espacioescolar.cl\/?post_type=product&#038;p=5261"},"modified":"2025-01-06T20:03:19","modified_gmt":"2025-01-06T20:03:19","slug":"pegamento-en-barra-proarte-21-gr","status":"publish","type":"product","link":"https:\/\/espacioescolar.cl\/es\/producto\/pegamento-en-barra-proarte-21-gr\/","title":{"rendered":"Pegamento en Barra Proarte 21 gr"},"content":{"rendered":"<p>El pegamento en barra Proarte de 21 gramos cuenta con un sistema retr\u00e1ctil y herm\u00e9tico para que puedas pegar de manera limpia y f\u00e1cil\u00a0 todas tus manualidades. \u00a1Con Proarte imag\u00ednalo, cr\u00e9alo y v\u00edvelo!<\/p>\n","protected":false},"excerpt":{"rendered":"<ul>\n<li>Pegamento en Barra<\/li>\n<li>21 gr.<\/li>\n<li>No T\u00f3xico, Lavable y Limpio<\/li>\n<\/ul>\n","protected":false},"featured_media":5262,"comment_status":"open","ping_status":"closed","template":"","meta":[],"product_brand":[],"product_cat":[257,193,197,264],"product_tag":[319],"class_list":{"0":"post-5261","1":"product","2":"type-product","3":"status-publish","4":"has-post-thumbnail","6":"product_cat-adhesivos-y-pegamentos","7":"product_cat-materiales","8":"product_cat-mi-estuche","9":"product_cat-pegamento-en-barra","10":"product_tag-pegamento-en-barra","12":"first","13":"instock","14":"taxable","15":"shipping-taxable","16":"purchasable","17":"product-type-simple"},"_links":{"self":[{"href":"https:\/\/espacioescolar.cl\/es\/wp-json\/wp\/v2\/product\/5261","targetHints":{"allow":["GET"]}}],"collection":[{"href":"https:\/\/espacioescolar.cl\/es\/wp-json\/wp\/v2\/product"}],"about":[{"href":"https:\/\/espacioescolar.cl\/es\/wp-json\/wp\/v2\/types\/product"}],"replies":[{"embeddable":true,"href":"https:\/\/espacioescolar.cl\/es\/wp-json\/wp\/v2\/comments?post=5261"}],"wp:featuredmedia":[{"embeddable":true,"href":"https:\/\/espacioescolar.cl\/es\/wp-json\/wp\/v2\/media\/5262"}],"wp:attachment":[{"href":"https:\/\/espacioescolar.cl\/es\/wp-json\/wp\/v2\/media?parent=5261"}],"wp:term":[{"taxonomy":"product_brand","embeddable":true,"href":"https:\/\/espacioescolar.cl\/es\/wp-json\/wp\/v2\/product_brand?post=5261"},{"taxonomy":"product_cat","embeddable":true,"href":"https:\/\/espacioescolar.cl\/es\/wp-json\/wp\/v2\/product_cat?post=5261"},{"taxonomy":"product_tag","embeddable":true,"href":"https:\/\/espacioescolar.cl\/es\/wp-json\/wp\/v2\/product_tag?post=5261"}],"curies":[{"name":"wp","href":"https:\/\/api.w.org\/{rel}","templated":true}]}}