{"id":5222,"date":"2025-01-06T15:27:36","date_gmt":"2025-01-06T15:27:36","guid":{"rendered":"https:\/\/espacioescolar.cl\/?post_type=product&#038;p=5222"},"modified":"2025-01-06T15:36:54","modified_gmt":"2025-01-06T15:36:54","slug":"estuche-artecolor-papel-crepe-artel","status":"publish","type":"product","link":"https:\/\/espacioescolar.cl\/es\/producto\/estuche-artecolor-papel-crepe-artel\/","title":{"rendered":"Estuche Artecolor Papel Crepe Artel"},"content":{"rendered":"<p>Estuche con Papel Crep\u00e9 Artel de 10 hojas. Una opci\u00f3n creativa y vers\u00e1til para manualidades y proyectos. Su dise\u00f1o colorido y texturizado agrega un toque \u00fanico a tus creaciones. Ideal para decoraciones, tarjetas y trabajos escolares. Aporta diversi\u00f3n y originalidad a tus proyectos con esta carpeta de papel crep\u00e9 de calidad.<\/p>\n","protected":false},"excerpt":{"rendered":"<ul>\n<li>10 Hojas<\/li>\n<li>10 Colores<\/li>\n<li>25 x 35 cms. (aprox.)<\/li>\n<\/ul>\n","protected":false},"featured_media":5223,"comment_status":"open","ping_status":"closed","template":"","meta":[],"product_brand":[],"product_cat":[214,227,192],"product_tag":[331,345],"class_list":{"0":"post-5222","1":"product","2":"type-product","3":"status-publish","4":"has-post-thumbnail","6":"product_cat-estuches-artisticos","7":"product_cat-papel-crepe","8":"product_cat-papeleria","9":"product_tag-estuches-artisticos","10":"product_tag-papel-crepe","12":"first","13":"instock","14":"taxable","15":"shipping-taxable","16":"purchasable","17":"product-type-simple"},"_links":{"self":[{"href":"https:\/\/espacioescolar.cl\/es\/wp-json\/wp\/v2\/product\/5222","targetHints":{"allow":["GET"]}}],"collection":[{"href":"https:\/\/espacioescolar.cl\/es\/wp-json\/wp\/v2\/product"}],"about":[{"href":"https:\/\/espacioescolar.cl\/es\/wp-json\/wp\/v2\/types\/product"}],"replies":[{"embeddable":true,"href":"https:\/\/espacioescolar.cl\/es\/wp-json\/wp\/v2\/comments?post=5222"}],"wp:featuredmedia":[{"embeddable":true,"href":"https:\/\/espacioescolar.cl\/es\/wp-json\/wp\/v2\/media\/5223"}],"wp:attachment":[{"href":"https:\/\/espacioescolar.cl\/es\/wp-json\/wp\/v2\/media?parent=5222"}],"wp:term":[{"taxonomy":"product_brand","embeddable":true,"href":"https:\/\/espacioescolar.cl\/es\/wp-json\/wp\/v2\/product_brand?post=5222"},{"taxonomy":"product_cat","embeddable":true,"href":"https:\/\/espacioescolar.cl\/es\/wp-json\/wp\/v2\/product_cat?post=5222"},{"taxonomy":"product_tag","embeddable":true,"href":"https:\/\/espacioescolar.cl\/es\/wp-json\/wp\/v2\/product_tag?post=5222"}],"curies":[{"name":"wp","href":"https:\/\/api.w.org\/{rel}","templated":true}]}}