{"id":5210,"date":"2024-12-30T22:16:49","date_gmt":"2024-12-30T22:16:49","guid":{"rendered":"https:\/\/espacioescolar.cl\/?post_type=product&#038;p=5210"},"modified":"2024-12-30T22:25:22","modified_gmt":"2024-12-30T22:25:22","slug":"estuche-12-lapices-bicolores-artel","status":"publish","type":"product","link":"https:\/\/espacioescolar.cl\/es\/producto\/estuche-12-lapices-bicolores-artel\/","title":{"rendered":"Estuche 12 L\u00e1pices Bicolores Artel"},"content":{"rendered":"<p>Set de 12 l\u00e1pices de bicolores Artel. Colores brillantes y duraderos para tus proyectos art\u00edsticos. Su forma hexagonal proporciona un agarre c\u00f3modo y evita que rueden. Perfecto para dibujar, colorear y sombrear. Ideal para artistas y estudiantes. \u00a1Expresa tu creatividad con estos l\u00e1pices de colores de alta calidad!<\/p>\n","protected":false},"excerpt":{"rendered":"<ul>\n<li>L\u00e1pices de Colores<\/li>\n<li>12 Colores<\/li>\n<li>Artel<\/li>\n<\/ul>\n","protected":false},"featured_media":5213,"comment_status":"open","ping_status":"closed","template":"","meta":[],"product_brand":[],"product_cat":[190,201],"product_tag":[314],"class_list":{"0":"post-5210","1":"product","2":"type-product","3":"status-publish","4":"has-post-thumbnail","6":"product_cat-escritura","7":"product_cat-lapices-de-colores","8":"product_tag-lapices-de-colores","10":"first","11":"instock","12":"taxable","13":"shipping-taxable","14":"purchasable","15":"product-type-simple"},"_links":{"self":[{"href":"https:\/\/espacioescolar.cl\/es\/wp-json\/wp\/v2\/product\/5210","targetHints":{"allow":["GET"]}}],"collection":[{"href":"https:\/\/espacioescolar.cl\/es\/wp-json\/wp\/v2\/product"}],"about":[{"href":"https:\/\/espacioescolar.cl\/es\/wp-json\/wp\/v2\/types\/product"}],"replies":[{"embeddable":true,"href":"https:\/\/espacioescolar.cl\/es\/wp-json\/wp\/v2\/comments?post=5210"}],"wp:featuredmedia":[{"embeddable":true,"href":"https:\/\/espacioescolar.cl\/es\/wp-json\/wp\/v2\/media\/5213"}],"wp:attachment":[{"href":"https:\/\/espacioescolar.cl\/es\/wp-json\/wp\/v2\/media?parent=5210"}],"wp:term":[{"taxonomy":"product_brand","embeddable":true,"href":"https:\/\/espacioescolar.cl\/es\/wp-json\/wp\/v2\/product_brand?post=5210"},{"taxonomy":"product_cat","embeddable":true,"href":"https:\/\/espacioescolar.cl\/es\/wp-json\/wp\/v2\/product_cat?post=5210"},{"taxonomy":"product_tag","embeddable":true,"href":"https:\/\/espacioescolar.cl\/es\/wp-json\/wp\/v2\/product_tag?post=5210"}],"curies":[{"name":"wp","href":"https:\/\/api.w.org\/{rel}","templated":true}]}}