{"id":5066,"date":"2024-01-10T01:44:40","date_gmt":"2024-01-10T01:44:40","guid":{"rendered":"https:\/\/espacioescolar.cl\/?post_type=product&#038;p=5066"},"modified":"2024-01-10T01:46:47","modified_gmt":"2024-01-10T01:46:47","slug":"lapices-de-cera-12-colores-proarte","status":"publish","type":"product","link":"https:\/\/espacioescolar.cl\/es\/producto\/lapices-de-cera-12-colores-proarte\/","title":{"rendered":"L\u00e1pices de Cera 12 Colores ProArte"},"content":{"rendered":"<p>Set de 12 l\u00e1pices de cera jumbo de la colecci\u00f3n ProArte. Colores intensos y duraderos para actividades art\u00edsticas y creativas. Su tama\u00f1o jumbo es perfecto para manos peque\u00f1as. Ideal para colorear, dibujar y manualidades. Aporta diversi\u00f3n y color a tus proyectos. \u00a1Expresa tu creatividad con estos l\u00e1pices de cera jumbo de alta calidad!<\/p>\n","protected":false},"excerpt":{"rendered":"<ul>\n<li>L\u00e1pices de Cera<\/li>\n<li>12 Colores<\/li>\n<li>ProArte<\/li>\n<\/ul>\n","protected":false},"featured_media":5067,"comment_status":"open","ping_status":"closed","template":"","meta":[],"product_brand":[],"product_cat":[190,204],"product_tag":[313,380,368],"class_list":{"0":"post-5066","1":"product","2":"type-product","3":"status-publish","4":"has-post-thumbnail","6":"product_cat-escritura","7":"product_cat-lapices-de-cera","8":"product_tag-12-colores","9":"product_tag-lapices-de-cera","10":"product_tag-proarte","12":"first","13":"instock","14":"taxable","15":"shipping-taxable","16":"product-type-simple"},"_links":{"self":[{"href":"https:\/\/espacioescolar.cl\/es\/wp-json\/wp\/v2\/product\/5066","targetHints":{"allow":["GET"]}}],"collection":[{"href":"https:\/\/espacioescolar.cl\/es\/wp-json\/wp\/v2\/product"}],"about":[{"href":"https:\/\/espacioescolar.cl\/es\/wp-json\/wp\/v2\/types\/product"}],"replies":[{"embeddable":true,"href":"https:\/\/espacioescolar.cl\/es\/wp-json\/wp\/v2\/comments?post=5066"}],"wp:featuredmedia":[{"embeddable":true,"href":"https:\/\/espacioescolar.cl\/es\/wp-json\/wp\/v2\/media\/5067"}],"wp:attachment":[{"href":"https:\/\/espacioescolar.cl\/es\/wp-json\/wp\/v2\/media?parent=5066"}],"wp:term":[{"taxonomy":"product_brand","embeddable":true,"href":"https:\/\/espacioescolar.cl\/es\/wp-json\/wp\/v2\/product_brand?post=5066"},{"taxonomy":"product_cat","embeddable":true,"href":"https:\/\/espacioescolar.cl\/es\/wp-json\/wp\/v2\/product_cat?post=5066"},{"taxonomy":"product_tag","embeddable":true,"href":"https:\/\/espacioescolar.cl\/es\/wp-json\/wp\/v2\/product_tag?post=5066"}],"curies":[{"name":"wp","href":"https:\/\/api.w.org\/{rel}","templated":true}]}}