{"id":3831,"date":"2022-11-11T08:08:57","date_gmt":"2022-11-11T08:08:57","guid":{"rendered":"https:\/\/klbtheme.com\/partdo\/?page_id=3831"},"modified":"2024-01-08T11:46:39","modified_gmt":"2024-01-08T11:46:39","slug":"politica-de-privacidad","status":"publish","type":"page","link":"https:\/\/espacioescolar.cl\/es\/politica-de-privacidad\/","title":{"rendered":"Politica de Privacidad"},"content":{"rendered":"\t\t<div data-elementor-type=\"wp-page\" data-elementor-id=\"3831\" class=\"elementor elementor-3831\">\n\t\t\t\t\t\t<section class=\"elementor-section elementor-top-section elementor-element elementor-element-e09bb24 elementor-section-boxed elementor-section-height-default elementor-section-height-default\" data-id=\"e09bb24\" data-element_type=\"section\" data-e-type=\"section\">\n\t\t\t\t\t\t<div class=\"elementor-container elementor-column-gap-extended\">\n\t\t\t\t\t<div class=\"elementor-column elementor-col-100 elementor-top-column elementor-element elementor-element-6fbc363\" data-id=\"6fbc363\" data-element_type=\"column\" data-e-type=\"column\">\n\t\t\t<div class=\"elementor-widget-wrap elementor-element-populated\">\n\t\t\t\t\t\t<div class=\"elementor-element elementor-element-ea18ff9 elementor-widget elementor-widget-heading\" data-id=\"ea18ff9\" data-element_type=\"widget\" data-e-type=\"widget\" data-widget_type=\"heading.default\">\n\t\t\t\t<div class=\"elementor-widget-container\">\n\t\t\t\t\t<h3 class=\"elementor-heading-title elementor-size-default\">Politicas de Privacidad<\/h3>\t\t\t\t<\/div>\n\t\t\t\t<\/div>\n\t\t\t\t<div class=\"elementor-element elementor-element-8b74bfd elementor-widget elementor-widget-heading\" data-id=\"8b74bfd\" data-element_type=\"widget\" data-e-type=\"widget\" data-widget_type=\"heading.default\">\n\t\t\t\t<div class=\"elementor-widget-container\">\n\t\t\t\t\t<p class=\"elementor-heading-title elementor-size-default\">La empresa declara que cumple la normativa vigente respecto a la protecci\u00f3n de datos, en particular la Ley 19.628, SOBRE PROTECCI\u00d3N DE LA VIDA PRIVADA y conforme a lo dispuesto en el Reglamento 2016\/679 del Parlamento Europeo y del Consejo de 27 de abril de 2016 relativo a la protecci\u00f3n de las personas f\u00edsicas en lo que respecta al tratamiento de datos personales y a la libre circulaci\u00f3n de estos datos, Reglamento General de Protecci\u00f3n de Datos (en adelante RGPD), por tanto, respeta la privacidad de cualquier usuario que visite este sitio.<\/p>\t\t\t\t<\/div>\n\t\t\t\t<\/div>\n\t\t\t\t\t<\/div>\n\t\t<\/div>\n\t\t\t\t\t<\/div>\n\t\t<\/section>\n\t\t\t\t<section class=\"elementor-section elementor-top-section elementor-element elementor-element-2a790f8 elementor-section-boxed elementor-section-height-default elementor-section-height-default\" data-id=\"2a790f8\" data-element_type=\"section\" data-e-type=\"section\">\n\t\t\t\t\t\t<div class=\"elementor-container elementor-column-gap-extended\">\n\t\t\t\t\t<div class=\"elementor-column elementor-col-100 elementor-top-column elementor-element elementor-element-dc230e4\" data-id=\"dc230e4\" data-element_type=\"column\" data-e-type=\"column\">\n\t\t\t<div class=\"elementor-widget-wrap elementor-element-populated\">\n\t\t\t\t\t\t<div class=\"elementor-element elementor-element-7b64751 elementor-widget elementor-widget-heading\" data-id=\"7b64751\" data-element_type=\"widget\" data-e-type=\"widget\" data-widget_type=\"heading.default\">\n\t\t\t\t<div class=\"elementor-widget-container\">\n\t\t\t\t\t<h3 class=\"elementor-heading-title elementor-size-default\">Introducci\u00f3n<\/h3>\t\t\t\t<\/div>\n\t\t\t\t<\/div>\n\t\t\t\t<div class=\"elementor-element elementor-element-7e54d3b elementor-widget elementor-widget-heading\" data-id=\"7e54d3b\" data-element_type=\"widget\" data-e-type=\"widget\" data-widget_type=\"heading.default\">\n\t\t\t\t<div class=\"elementor-widget-container\">\n\t\t\t\t\t<p class=\"elementor-heading-title elementor-size-default\">Cuando ingreses a nuestra web queremos que tengas una experiencia \u00fanica que cumpla con la calidad y satisfacci\u00f3n que est\u00e1s buscando. Cada vez que nos visites tendremos la oportunidad de conocer tus necesidades y preferencias de navegaci\u00f3n. Esa informaci\u00f3n estad\u00edstica es de gran relevancia para nosotros porque nos ayudar\u00e1 a mejorar constantemente nuestro servicio para entregarte una grata experiencia de navegaci\u00f3n y compra.\n\nEsta informaci\u00f3n no nos permite identificar a un cliente determinado, solo tiene relaci\u00f3n con datos sobre un determinado producto, grupo, p\u00e1gina o categor\u00eda de productos y\/o servicios.<\/p>\t\t\t\t<\/div>\n\t\t\t\t<\/div>\n\t\t\t\t\t<\/div>\n\t\t<\/div>\n\t\t\t\t\t<\/div>\n\t\t<\/section>\n\t\t\t\t<section class=\"elementor-section elementor-top-section elementor-element elementor-element-1d10306 elementor-section-boxed elementor-section-height-default elementor-section-height-default\" data-id=\"1d10306\" data-element_type=\"section\" data-e-type=\"section\">\n\t\t\t\t\t\t<div class=\"elementor-container elementor-column-gap-extended\">\n\t\t\t\t\t<div class=\"elementor-column elementor-col-100 elementor-top-column elementor-element elementor-element-e412f5d\" data-id=\"e412f5d\" data-element_type=\"column\" data-e-type=\"column\">\n\t\t\t<div class=\"elementor-widget-wrap elementor-element-populated\">\n\t\t\t\t\t\t<div class=\"elementor-element elementor-element-4dbfed6 elementor-widget elementor-widget-heading\" data-id=\"4dbfed6\" data-element_type=\"widget\" data-e-type=\"widget\" data-widget_type=\"heading.default\">\n\t\t\t\t<div class=\"elementor-widget-container\">\n\t\t\t\t\t<h3 class=\"elementor-heading-title elementor-size-default\">Almacenamiento, Finalidad, Custodia y Tratamiento<\/h3>\t\t\t\t<\/div>\n\t\t\t\t<\/div>\n\t\t\t\t<div class=\"elementor-element elementor-element-bf8bc42 elementor-widget elementor-widget-heading\" data-id=\"bf8bc42\" data-element_type=\"widget\" data-e-type=\"widget\" data-widget_type=\"heading.default\">\n\t\t\t\t<div class=\"elementor-widget-container\">\n\t\t\t\t\t<p class=\"elementor-heading-title elementor-size-default\">Los datos personales que voluntariamente entregues al hacer uso de este sitio, registr\u00e1ndote en cualquier secci\u00f3n, son almacenados y utilizados \u00fanicamente por www.espacioescolar.cl para mejorar tu experiencia de compra. La empresa utiliza \u00fanicamente el correo electr\u00f3nico del usuario para enviarle recomendaciones de productos espec\u00edficos, una vez que el cliente ha iniciado un pedido de cotizaci\u00f3n o su sesi\u00f3n y\/o completado su registro en nuestro sitio.\n\nLa informaci\u00f3n que se recolectar\u00e1 mediante la visita a este sitio Web, ser\u00e1 siempre an\u00f3nima, de manera que, los antecedentes personales de los Clientes no ser\u00e1n tratados por la empresa con un prop\u00f3sito diferente del manifestado en el presente instrumento.\n\nLos clientes, adem\u00e1s, tienen siempre derecho a solicitar que no se les env\u00ede publicidad a su correo electr\u00f3nico.<\/p>\t\t\t\t<\/div>\n\t\t\t\t<\/div>\n\t\t\t\t\t<\/div>\n\t\t<\/div>\n\t\t\t\t\t<\/div>\n\t\t<\/section>\n\t\t\t\t<section class=\"elementor-section elementor-top-section elementor-element elementor-element-fc4da79 elementor-section-boxed elementor-section-height-default elementor-section-height-default\" data-id=\"fc4da79\" data-element_type=\"section\" data-e-type=\"section\">\n\t\t\t\t\t\t<div class=\"elementor-container elementor-column-gap-extended\">\n\t\t\t\t\t<div class=\"elementor-column elementor-col-100 elementor-top-column elementor-element elementor-element-9fc4e5d\" data-id=\"9fc4e5d\" data-element_type=\"column\" data-e-type=\"column\">\n\t\t\t<div class=\"elementor-widget-wrap elementor-element-populated\">\n\t\t\t\t\t\t<div class=\"elementor-element elementor-element-91ef07e elementor-widget elementor-widget-heading\" data-id=\"91ef07e\" data-element_type=\"widget\" data-e-type=\"widget\" data-widget_type=\"heading.default\">\n\t\t\t\t<div class=\"elementor-widget-container\">\n\t\t\t\t\t<h3 class=\"elementor-heading-title elementor-size-default\">Cookies<\/h3>\t\t\t\t<\/div>\n\t\t\t\t<\/div>\n\t\t\t\t<div class=\"elementor-element elementor-element-cebfe18 elementor-widget elementor-widget-heading\" data-id=\"cebfe18\" data-element_type=\"widget\" data-e-type=\"widget\" data-widget_type=\"heading.default\">\n\t\t\t\t<div class=\"elementor-widget-container\">\n\t\t\t\t\t<p class=\"elementor-heading-title elementor-size-default\">Una cookie (o galleta inform\u00e1tica) es informaci\u00f3n enviada por un sitio web y almacenada en el navegador del usuario, que le permite al sitio web conocer la actividad previa de este. La empresa usa las \u00abcookies\u00bb para enviar al Cliente informaci\u00f3n relacionada con sus intereses. Nuestra web utiliza las cookies de persistencia para entregar \u00fanicamente una experiencia de compra m\u00e1s personalizada y as\u00ed ayudar al visitante a navegar de forma m\u00e1s eficiente.\n\nSi deseas deshabilitar el almacenamiento de cookies de nosotros, solo debes ingresar a la secci\u00f3n de ayuda del explorador de internet.<\/p>\t\t\t\t<\/div>\n\t\t\t\t<\/div>\n\t\t\t\t\t<\/div>\n\t\t<\/div>\n\t\t\t\t\t<\/div>\n\t\t<\/section>\n\t\t\t\t<section class=\"elementor-section elementor-top-section elementor-element elementor-element-a94f34f elementor-section-boxed elementor-section-height-default elementor-section-height-default\" data-id=\"a94f34f\" data-element_type=\"section\" data-e-type=\"section\">\n\t\t\t\t\t\t<div class=\"elementor-container elementor-column-gap-extended\">\n\t\t\t\t\t<div class=\"elementor-column elementor-col-100 elementor-top-column elementor-element elementor-element-3b71d91\" data-id=\"3b71d91\" data-element_type=\"column\" data-e-type=\"column\">\n\t\t\t<div class=\"elementor-widget-wrap elementor-element-populated\">\n\t\t\t\t\t\t<div class=\"elementor-element elementor-element-9d852a1 elementor-widget elementor-widget-heading\" data-id=\"9d852a1\" data-element_type=\"widget\" data-e-type=\"widget\" data-widget_type=\"heading.default\">\n\t\t\t\t<div class=\"elementor-widget-container\">\n\t\t\t\t\t<h3 class=\"elementor-heading-title elementor-size-default\">Medidas de seguridad<\/h3>\t\t\t\t<\/div>\n\t\t\t\t<\/div>\n\t\t\t\t<div class=\"elementor-element elementor-element-6da2119 elementor-widget elementor-widget-heading\" data-id=\"6da2119\" data-element_type=\"widget\" data-e-type=\"widget\" data-widget_type=\"heading.default\">\n\t\t\t\t<div class=\"elementor-widget-container\">\n\t\t\t\t\t<p class=\"elementor-heading-title elementor-size-default\">Para cumplir los objetivos de seguridad, la empresa cuenta con la tecnolog\u00eda SSL (Secure Sockets Layer) que asegura, tanto la autenticidad del Sitio, como el cifrado de toda la informaci\u00f3n que nos entrega el usuario. Cada vez que el usuario se registra en el Sitio y entrega informaci\u00f3n de car\u00e1cter personal, sin importar el lugar geogr\u00e1fico en donde se encuentre, a efectos de comprar un producto, el navegador por el cual ejecuta el acto se conecta al Sitio a trav\u00e9s del protocolo SSL que acredita que el usuario se encuentra efectivamente en el Sitio y en nuestros servidores (lo cual se aprecia con la aparici\u00f3n del c\u00f3digo HTTPS en la barra de direcciones del navegador). De esta forma se establece un m\u00e9todo de cifrado de la informaci\u00f3n entregada por el usuario y una clave de sesi\u00f3n \u00fanica. Esta tecnolog\u00eda permite que la informaci\u00f3n de car\u00e1cter personal del usuario, como su nombre, direcci\u00f3n y datos de tarjetas bancarias, sean codificadas antes para que no pueda ser le\u00edda cuando viaja a trav\u00e9s de Internet. Todos los certificados SSL se crean para un servidor particular, en un dominio espec\u00edfico y para una entidad comercial comprobada.<\/p>\t\t\t\t<\/div>\n\t\t\t\t<\/div>\n\t\t\t\t\t<\/div>\n\t\t<\/div>\n\t\t\t\t\t<\/div>\n\t\t<\/section>\n\t\t\t\t<section class=\"elementor-section elementor-top-section elementor-element elementor-element-dc61645 elementor-section-boxed elementor-section-height-default elementor-section-height-default\" data-id=\"dc61645\" data-element_type=\"section\" data-e-type=\"section\">\n\t\t\t\t\t\t<div class=\"elementor-container elementor-column-gap-extended\">\n\t\t\t\t\t<div class=\"elementor-column elementor-col-100 elementor-top-column elementor-element elementor-element-f974d37\" data-id=\"f974d37\" data-element_type=\"column\" data-e-type=\"column\">\n\t\t\t<div class=\"elementor-widget-wrap elementor-element-populated\">\n\t\t\t\t\t\t<div class=\"elementor-element elementor-element-762d02a elementor-widget elementor-widget-heading\" data-id=\"762d02a\" data-element_type=\"widget\" data-e-type=\"widget\" data-widget_type=\"heading.default\">\n\t\t\t\t<div class=\"elementor-widget-container\">\n\t\t\t\t\t<h3 class=\"elementor-heading-title elementor-size-default\">Certificaciones<\/h3>\t\t\t\t<\/div>\n\t\t\t\t<\/div>\n\t\t\t\t<div class=\"elementor-element elementor-element-527441b elementor-widget elementor-widget-heading\" data-id=\"527441b\" data-element_type=\"widget\" data-e-type=\"widget\" data-widget_type=\"heading.default\">\n\t\t\t\t<div class=\"elementor-widget-container\">\n\t\t\t\t\t<p class=\"elementor-heading-title elementor-size-default\">Certificado de Seguridad SSL GlobalSign Extended Validation CA\n\nLos certificados SSL protegen los datos personales de los clientes, incluyendo: domicilio, contrase\u00f1as, tarjetas bancarias, informaci\u00f3n de su identidad e historial de compras no ser\u00e1n divulgados. Esta tecnolog\u00eda tambi\u00e9n impide el acceso a la informaci\u00f3n por parte de terceros.<\/p>\t\t\t\t<\/div>\n\t\t\t\t<\/div>\n\t\t\t\t\t<\/div>\n\t\t<\/div>\n\t\t\t\t\t<\/div>\n\t\t<\/section>\n\t\t\t\t<section class=\"elementor-section elementor-top-section elementor-element elementor-element-e2188dd elementor-section-boxed elementor-section-height-default elementor-section-height-default\" data-id=\"e2188dd\" data-element_type=\"section\" data-e-type=\"section\">\n\t\t\t\t\t\t<div class=\"elementor-container elementor-column-gap-extended\">\n\t\t\t\t\t<div class=\"elementor-column elementor-col-100 elementor-top-column elementor-element elementor-element-c6a9f6f\" data-id=\"c6a9f6f\" data-element_type=\"column\" data-e-type=\"column\">\n\t\t\t<div class=\"elementor-widget-wrap elementor-element-populated\">\n\t\t\t\t\t\t<div class=\"elementor-element elementor-element-526fa8e elementor-widget elementor-widget-heading\" data-id=\"526fa8e\" data-element_type=\"widget\" data-e-type=\"widget\" data-widget_type=\"heading.default\">\n\t\t\t\t<div class=\"elementor-widget-container\">\n\t\t\t\t\t<h3 class=\"elementor-heading-title elementor-size-default\">Aceptaci\u00f3n y disponibilidad de los T\u00e9rminos y Condiciones.<\/h3>\t\t\t\t<\/div>\n\t\t\t\t<\/div>\n\t\t\t\t<div class=\"elementor-element elementor-element-e607bee elementor-widget elementor-widget-heading\" data-id=\"e607bee\" data-element_type=\"widget\" data-e-type=\"widget\" data-widget_type=\"heading.default\">\n\t\t\t\t<div class=\"elementor-widget-container\">\n\t\t\t\t\t<p class=\"elementor-heading-title elementor-size-default\">Su acceso y el uso que haga del Sitio web constituyen su aceptaci\u00f3n de quedar obligado por estos T\u00e9rminos y Condiciones, que establecen una relaci\u00f3n contractual entre usted y la empresa.  Por tanto, el acceso al mismo implica su aceptaci\u00f3n sin reservas.<\/p>\t\t\t\t<\/div>\n\t\t\t\t<\/div>\n\t\t\t\t\t<\/div>\n\t\t<\/div>\n\t\t\t\t\t<\/div>\n\t\t<\/section>\n\t\t\t\t<\/div>\n\t\t","protected":false},"excerpt":{"rendered":"<p>Politicas de Privacidad La empresa declara que cumple la normativa vigente respecto a la protecci\u00f3n de datos, en particular la Ley 19.628, SOBRE PROTECCI\u00d3N DE LA VIDA PRIVADA y conforme a lo dispuesto en el Reglamento 2016\/679 del Parlamento Europeo y del Consejo de 27 de abril de 2016 relativo a la protecci\u00f3n de las<\/p>\n<div class=\"klb-readmore button\"><a class=\"btn link\" href=\"https:\/\/espacioescolar.cl\/es\/politica-de-privacidad\/\">Read More <i class=\"klbth-icon-right-arrow\"><\/i><\/a><\/div>\n","protected":false},"author":1,"featured_media":0,"parent":0,"menu_order":0,"comment_status":"closed","ping_status":"closed","template":"","meta":{"footnotes":""},"class_list":["post-3831","page","type-page","status-publish","hentry"],"_links":{"self":[{"href":"https:\/\/espacioescolar.cl\/es\/wp-json\/wp\/v2\/pages\/3831","targetHints":{"allow":["GET"]}}],"collection":[{"href":"https:\/\/espacioescolar.cl\/es\/wp-json\/wp\/v2\/pages"}],"about":[{"href":"https:\/\/espacioescolar.cl\/es\/wp-json\/wp\/v2\/types\/page"}],"author":[{"embeddable":true,"href":"https:\/\/espacioescolar.cl\/es\/wp-json\/wp\/v2\/users\/1"}],"replies":[{"embeddable":true,"href":"https:\/\/espacioescolar.cl\/es\/wp-json\/wp\/v2\/comments?post=3831"}],"version-history":[{"count":4,"href":"https:\/\/espacioescolar.cl\/es\/wp-json\/wp\/v2\/pages\/3831\/revisions"}],"predecessor-version":[{"id":4918,"href":"https:\/\/espacioescolar.cl\/es\/wp-json\/wp\/v2\/pages\/3831\/revisions\/4918"}],"wp:attachment":[{"href":"https:\/\/espacioescolar.cl\/es\/wp-json\/wp\/v2\/media?parent=3831"}],"curies":[{"name":"wp","href":"https:\/\/api.w.org\/{rel}","templated":true}]}}