{"id":3558,"date":"2022-11-01T08:46:40","date_gmt":"2022-11-01T08:46:40","guid":{"rendered":"https:\/\/klbtheme.com\/partdo\/?page_id=3558"},"modified":"2026-01-11T21:53:40","modified_gmt":"2026-01-11T21:53:40","slug":"terminos-y-condiciones","status":"publish","type":"page","link":"https:\/\/espacioescolar.cl\/es\/terminos-y-condiciones\/","title":{"rendered":"T\u00e9rminos y Condiciones"},"content":{"rendered":"\t\t<div data-elementor-type=\"wp-page\" data-elementor-id=\"3558\" class=\"elementor elementor-3558\">\n\t\t\t\t\t\t<section class=\"elementor-section elementor-top-section elementor-element elementor-element-acfe608 elementor-section-boxed elementor-section-height-default elementor-section-height-default\" data-id=\"acfe608\" data-element_type=\"section\" data-e-type=\"section\">\n\t\t\t\t\t\t<div class=\"elementor-container elementor-column-gap-extended\">\n\t\t\t\t\t<div class=\"elementor-column elementor-col-100 elementor-top-column elementor-element elementor-element-aa1b56e\" data-id=\"aa1b56e\" data-element_type=\"column\" data-e-type=\"column\">\n\t\t\t<div class=\"elementor-widget-wrap elementor-element-populated\">\n\t\t\t\t\t\t<div class=\"elementor-element elementor-element-5e87a19 elementor-widget elementor-widget-heading\" data-id=\"5e87a19\" data-element_type=\"widget\" data-e-type=\"widget\" data-widget_type=\"heading.default\">\n\t\t\t\t<div class=\"elementor-widget-container\">\n\t\t\t\t\t<h3 class=\"elementor-heading-title elementor-size-default\">T\u00e9rminos y Condiciones de uso\n<\/h3>\t\t\t\t<\/div>\n\t\t\t\t<\/div>\n\t\t\t\t<div class=\"elementor-element elementor-element-16cb3a6 elementor-widget elementor-widget-heading\" data-id=\"16cb3a6\" data-element_type=\"widget\" data-e-type=\"widget\" data-widget_type=\"heading.default\">\n\t\t\t\t<div class=\"elementor-widget-container\">\n\t\t\t\t\t<p class=\"elementor-heading-title elementor-size-default\">Al acceder y utilizar el sitio web espacioescolar.cl el usuario acepta cumplir con estos t\u00e9rminos y condiciones, as\u00ed como con todas las leyes y regulaciones aplicables de la Rep\u00fablica de Chile.<\/p>\t\t\t\t<\/div>\n\t\t\t\t<\/div>\n\t\t\t\t<div class=\"elementor-element elementor-element-36a379a elementor-widget elementor-widget-heading\" data-id=\"36a379a\" data-element_type=\"widget\" data-e-type=\"widget\" data-widget_type=\"heading.default\">\n\t\t\t\t<div class=\"elementor-widget-container\">\n\t\t\t\t\t<p class=\"elementor-heading-title elementor-size-default\">Las compras realizadas en el sitio est\u00e1n sujetas siempre a la disponibilidad de stock.<\/p>\t\t\t\t<\/div>\n\t\t\t\t<\/div>\n\t\t\t\t\t<\/div>\n\t\t<\/div>\n\t\t\t\t\t<\/div>\n\t\t<\/section>\n\t\t\t\t<section class=\"elementor-section elementor-top-section elementor-element elementor-element-56d70e7 elementor-section-boxed elementor-section-height-default elementor-section-height-default\" data-id=\"56d70e7\" data-element_type=\"section\" data-e-type=\"section\">\n\t\t\t\t\t\t<div class=\"elementor-container elementor-column-gap-extended\">\n\t\t\t\t\t<div class=\"elementor-column elementor-col-100 elementor-top-column elementor-element elementor-element-2f4c3cd\" data-id=\"2f4c3cd\" data-element_type=\"column\" data-e-type=\"column\">\n\t\t\t<div class=\"elementor-widget-wrap elementor-element-populated\">\n\t\t\t\t\t\t<div class=\"elementor-element elementor-element-fc65848 elementor-widget elementor-widget-heading\" data-id=\"fc65848\" data-element_type=\"widget\" data-e-type=\"widget\" data-widget_type=\"heading.default\">\n\t\t\t\t<div class=\"elementor-widget-container\">\n\t\t\t\t\t<h3 class=\"elementor-heading-title elementor-size-default\">Datos Personales<\/h3>\t\t\t\t<\/div>\n\t\t\t\t<\/div>\n\t\t\t\t<div class=\"elementor-element elementor-element-94e2fcd elementor-widget elementor-widget-text-editor\" data-id=\"94e2fcd\" data-element_type=\"widget\" data-e-type=\"widget\" data-widget_type=\"text-editor.default\">\n\t\t\t\t<div class=\"elementor-widget-container\">\n\t\t\t\t\t\t\t\t\t<p>Mediante la aceptaci\u00f3n de los t\u00e9rminos y condiciones ac\u00e1 determinados, los datos personales entregados por el Usuario en base al registro en el sitio web, podr\u00e1n ser utilizados por Espacio Escolar solo para efectos exclusivamente comerciales; para validaci\u00f3n de datos de facturaci\u00f3n; para procesar y ejecutar la orden de compra del usuario; y para comunicaci\u00f3n de promociones con el \u00fanico fin de ofrecerle opciones de compra.<\/p><p>Estos datos no podr\u00e1n ser entregados a terceros que no tengan relaci\u00f3n con Espacio Escolar. Conforme a la Ley 19.628 sobre protecci\u00f3n de datos de car\u00e1cter personal, el usuario podr\u00e1 disponer en todo momento de los derechos de informaci\u00f3n, modificaci\u00f3n, rectificaci\u00f3n y cancelaci\u00f3n de sus datos personales. Para ejercer esos derechos, el usuario deber\u00e1 contactarse por medio escrito al mail <a href=\"mailto:ventas@espacioescolar.cl\">ventas@espacioescolar.cl<\/a><\/p>\t\t\t\t\t\t\t\t<\/div>\n\t\t\t\t<\/div>\n\t\t\t\t\t<\/div>\n\t\t<\/div>\n\t\t\t\t\t<\/div>\n\t\t<\/section>\n\t\t\t\t<section class=\"elementor-section elementor-top-section elementor-element elementor-element-13b0554 elementor-section-boxed elementor-section-height-default elementor-section-height-default\" data-id=\"13b0554\" data-element_type=\"section\" data-e-type=\"section\">\n\t\t\t\t\t\t<div class=\"elementor-container elementor-column-gap-extended\">\n\t\t\t\t\t<div class=\"elementor-column elementor-col-100 elementor-top-column elementor-element elementor-element-edb710a\" data-id=\"edb710a\" data-element_type=\"column\" data-e-type=\"column\">\n\t\t\t<div class=\"elementor-widget-wrap elementor-element-populated\">\n\t\t\t\t\t\t<div class=\"elementor-element elementor-element-747884e elementor-widget elementor-widget-heading\" data-id=\"747884e\" data-element_type=\"widget\" data-e-type=\"widget\" data-widget_type=\"heading.default\">\n\t\t\t\t<div class=\"elementor-widget-container\">\n\t\t\t\t\t<h3 class=\"elementor-heading-title elementor-size-default\">Pol\u00edticas de compra<\/h3>\t\t\t\t<\/div>\n\t\t\t\t<\/div>\n\t\t\t\t<div class=\"elementor-element elementor-element-5050261 elementor-widget elementor-widget-text-editor\" data-id=\"5050261\" data-element_type=\"widget\" data-e-type=\"widget\" data-widget_type=\"text-editor.default\">\n\t\t\t\t<div class=\"elementor-widget-container\">\n\t\t\t\t\t\t\t\t\t<p>En base a lo establecido con anterioridad, el usuario podr\u00e1 comprar las veces que quiera los productos ofertados en nuestro sitio Web\u00a0<a href=\"http:\/\/www.espacioescolar.cl\">espacioescolar.cl<\/a>. Toda compra realizada en nuestro sitio Web tendr\u00e1 \u00a0asociada los respectivos documentos formales tales como boletas y garant\u00edas.<\/p><p>El usuario al momento de aceptar la transacci\u00f3n, acuerda todas las condiciones antes descritas y suscritas en este documento de t\u00e9rminos y condiciones.<\/p><ul><li><p><strong>Derecho a Retracto:<\/strong> Informamos que las compras generadas por nuestra p\u00e1gina web no se acogen al derecho de retracto, siendo solo posible devolver o cambiar un producto en el caso que exista una falla de f\u00e1brica certificada por nuestro servicio t\u00e9cnico.<\/p><p>Empresa informa claramente que las compras en el presente sitio no esta permitido el derecho a retracto, lo que implica que no se puede aplicar el arrepentirse dentro de los 10 d\u00edas desde que se recibi\u00f3 el producto<\/p><\/li><li><strong>Garant\u00eda:<\/strong> Todo producto est\u00e1 cubierto por una garant\u00eda legal, la cual establece 180 d\u00edas posteriores a la compra, en donde se cubren da\u00f1os o fallas de fabricaci\u00f3n, las que deber\u00e1n ser certificadas por el respectivo servicio t\u00e9cnico autorizado en virtud de lo contemplado en la ley del Consumidor en especial en sus art\u00edculos 19 a 21.<\/li><li><strong>Medio de Pago:<\/strong><p>Se contempla el sistema de pago Webpay y Mercado Pago. Lo relativo al uso y funcionamiento de las tarjetas bancarias, se sujetar\u00e1 a lo establecido en estos T\u00e9rminos y Condiciones y en relaci\u00f3n al contrato existente entre el cliente y la identidad emisora, sin que Espacio Escolar tenga ninguna responsabilidad en relaci\u00f3n con los aspectos se\u00f1alados en dichos contratos.<\/p><\/li><li><strong>Despacho:<\/strong><p>El despacho de los productos solo se realiza en Santiago, por compras superiores a $30.000<\/p><\/li><li><strong>Costo de Env\u00edo: <\/strong>El despacho en algunas comunas de Santiago es gratuito, en el caso de La Florida, Pe\u00f1alol\u00e9n y La Reina, seg\u00fan cup\u00f3n de descuento aplicado. En las diferentes comunas tendr\u00e1 un valor de $15.000.<\/li><li><strong>Precios y Promociones:<\/strong> Los precios de los productos publicados en la p\u00e1gina web <a href=\"http:\/\/www.espacioescolar.cl\">espacioescolar.cl<\/a> tendr\u00e1n validez solo para el valor del producto, no incluyendo as\u00ed valores adicionales relacionados con el servicio de despacho, transporte y medios de pago. Las promociones publicadas en nuestro sitio Web s\u00f3lo son v\u00e1lidas para las fechas estipuladas, y sujetas a disponibilidad de stock, el cual se encuentra debidamente publicado en cada una de ellas.\u00a0<\/li><li><strong>T\u00e9rminos y Condiciones: <\/strong>El presente documento es v\u00e1lido para todas las transacciones realizadas en el sitio web <a href=\"http:\/\/www.espacioescolar.cl\">espacioescolar.cl. <\/a>No obstante este documento puede ser modificado y actualizado seg\u00fan sean dadas las necesidades, debiendo ser oportunamente publicadas en este mismo sitio.<\/li><li><strong>Devoluci\u00f3n de Dinero:<\/strong> En caso de devoluci\u00f3n de dinero la empresa realizar\u00e1 un abono en el medio de pago que haya utilizado en un per\u00edodo de 15 d\u00edas h\u00e1biles posterior a la auditor\u00eda que certifique se puede aceptarse la devoluci\u00f3n, cuesti\u00f3n que ser\u00e1 informada a trav\u00e9s del correo electr\u00f3nico que se hubiere registrado.<\/li><\/ul>\t\t\t\t\t\t\t\t<\/div>\n\t\t\t\t<\/div>\n\t\t\t\t\t<\/div>\n\t\t<\/div>\n\t\t\t\t\t<\/div>\n\t\t<\/section>\n\t\t\t\t<\/div>\n\t\t","protected":false},"excerpt":{"rendered":"<p>T\u00e9rminos y Condiciones de uso Al acceder y utilizar el sitio web espacioescolar.cl el usuario acepta cumplir con estos t\u00e9rminos y condiciones, as\u00ed como con todas las leyes y regulaciones aplicables de la Rep\u00fablica de Chile. Las compras realizadas en el sitio est\u00e1n sujetas siempre a la disponibilidad de stock. Datos Personales Mediante la aceptaci\u00f3n<\/p>\n<div class=\"klb-readmore button\"><a class=\"btn link\" href=\"https:\/\/espacioescolar.cl\/es\/terminos-y-condiciones\/\">Read More <i class=\"klbth-icon-right-arrow\"><\/i><\/a><\/div>\n","protected":false},"author":1,"featured_media":0,"parent":0,"menu_order":0,"comment_status":"closed","ping_status":"closed","template":"","meta":{"footnotes":""},"class_list":["post-3558","page","type-page","status-publish","hentry"],"_links":{"self":[{"href":"https:\/\/espacioescolar.cl\/es\/wp-json\/wp\/v2\/pages\/3558","targetHints":{"allow":["GET"]}}],"collection":[{"href":"https:\/\/espacioescolar.cl\/es\/wp-json\/wp\/v2\/pages"}],"about":[{"href":"https:\/\/espacioescolar.cl\/es\/wp-json\/wp\/v2\/types\/page"}],"author":[{"embeddable":true,"href":"https:\/\/espacioescolar.cl\/es\/wp-json\/wp\/v2\/users\/1"}],"replies":[{"embeddable":true,"href":"https:\/\/espacioescolar.cl\/es\/wp-json\/wp\/v2\/comments?post=3558"}],"version-history":[{"count":13,"href":"https:\/\/espacioescolar.cl\/es\/wp-json\/wp\/v2\/pages\/3558\/revisions"}],"predecessor-version":[{"id":5677,"href":"https:\/\/espacioescolar.cl\/es\/wp-json\/wp\/v2\/pages\/3558\/revisions\/5677"}],"wp:attachment":[{"href":"https:\/\/espacioescolar.cl\/es\/wp-json\/wp\/v2\/media?parent=3558"}],"curies":[{"name":"wp","href":"https:\/\/api.w.org\/{rel}","templated":true}]}}